{"id":1763,"date":"2025-10-31T14:16:55","date_gmt":"2025-10-31T13:16:55","guid":{"rendered":"https:\/\/tedxfribourg.com\/?page_id=1763"},"modified":"2025-11-04T15:35:15","modified_gmt":"2025-11-04T14:35:15","slug":"martin-andree","status":"publish","type":"page","link":"https:\/\/tedxfribourg.com\/de\/speakers\/martin-andree\/","title":{"rendered":"Prof. Dr. Martin Andree"},"content":{"rendered":"<div data-elementor-type=\"wp-page\" data-elementor-id=\"1763\" class=\"elementor elementor-1763\" data-elementor-post-type=\"page\">\n\t\t\t\t\t\t<section class=\"elementor-section elementor-top-section elementor-element elementor-element-75661ad8 elementor-section-boxed elementor-section-height-default elementor-section-height-default\" data-id=\"75661ad8\" data-element_type=\"section\">\n\t\t\t\t\t\t<div class=\"elementor-container elementor-column-gap-default\">\n\t\t\t\t\t<div class=\"elementor-column elementor-col-100 elementor-top-column elementor-element elementor-element-35e0846d\" data-id=\"35e0846d\" data-element_type=\"column\">\n\t\t\t<div class=\"elementor-widget-wrap elementor-element-populated\">\n\t\t\t\t\t\t<div class=\"elementor-element elementor-element-6f6df09a elementor-widget elementor-widget-text-editor\" data-id=\"6f6df09a\" data-element_type=\"widget\" data-widget_type=\"text-editor.default\">\n\t\t\t\t<div class=\"elementor-widget-container\">\n\t\t\t<style>\/*! elementor - v3.19.0 - 28-02-2024 *\/\n.elementor-widget-text-editor.elementor-drop-cap-view-stacked .elementor-drop-cap{background-color:#69727d;color:#fff}.elementor-widget-text-editor.elementor-drop-cap-view-framed .elementor-drop-cap{color:#69727d;border:3px solid;background-color:transparent}.elementor-widget-text-editor:not(.elementor-drop-cap-view-default) .elementor-drop-cap{margin-top:8px}.elementor-widget-text-editor:not(.elementor-drop-cap-view-default) .elementor-drop-cap-letter{width:1em;height:1em}.elementor-widget-text-editor .elementor-drop-cap{float:left;text-align:center;line-height:1;font-size:50px}.elementor-widget-text-editor .elementor-drop-cap-letter{display:inline-block}<\/style>\t\t\t\t<p><a href=\"https:\/\/tedxfribourg.com\/de\/programme\/\">&lt; retour au programme<\/a><\/p>\t\t\t\t\t\t<\/div>\n\t\t\t\t<\/div>\n\t\t\t\t\t<\/div>\n\t\t<\/div>\n\t\t\t\t\t<\/div>\n\t\t<\/section>\n\t\t\t\t<section class=\"elementor-section elementor-top-section elementor-element elementor-element-5fabf46d elementor-section-boxed elementor-section-height-default elementor-section-height-default\" data-id=\"5fabf46d\" data-element_type=\"section\">\n\t\t\t\t\t\t<div class=\"elementor-container elementor-column-gap-default\">\n\t\t\t\t\t<div class=\"elementor-column elementor-col-100 elementor-top-column elementor-element elementor-element-5c5bd8c2\" data-id=\"5c5bd8c2\" data-element_type=\"column\">\n\t\t\t<div class=\"elementor-widget-wrap elementor-element-populated\">\n\t\t\t\t\t\t<div class=\"elementor-element elementor-element-17d6f9a elementor-widget elementor-widget-heading\" data-id=\"17d6f9a\" data-element_type=\"widget\" data-widget_type=\"heading.default\">\n\t\t\t\t<div class=\"elementor-widget-container\">\n\t\t\t<style>\/*! elementor - v3.19.0 - 28-02-2024 *\/\n.elementor-heading-title{padding:0;margin:0;line-height:1}.elementor-widget-heading .elementor-heading-title[class*=elementor-size-]>a{color:inherit;font-size:inherit;line-height:inherit}.elementor-widget-heading .elementor-heading-title.elementor-size-small{font-size:15px}.elementor-widget-heading .elementor-heading-title.elementor-size-medium{font-size:19px}.elementor-widget-heading .elementor-heading-title.elementor-size-large{font-size:29px}.elementor-widget-heading .elementor-heading-title.elementor-size-xl{font-size:39px}.elementor-widget-heading .elementor-heading-title.elementor-size-xxl{font-size:59px}<\/style><h1 class=\"elementor-heading-title elementor-size-default\">Prof. Dr. Martin Andree<\/h1>\t\t<\/div>\n\t\t\t\t<\/div>\n\t\t\t\t<div class=\"elementor-element elementor-element-240917e elementor-widget elementor-widget-text-editor\" data-id=\"240917e\" data-element_type=\"widget\" data-widget_type=\"text-editor.default\">\n\t\t\t\t<div class=\"elementor-widget-container\">\n\t\t\t\t\t\t\t<p>Medienwissenschaftler an der Universit\u00e4t zu K\u00f6ln<\/p>\t\t\t\t\t\t<\/div>\n\t\t\t\t<\/div>\n\t\t\t\t\t<\/div>\n\t\t<\/div>\n\t\t\t\t\t<\/div>\n\t\t<\/section>\n\t\t\t\t<section class=\"elementor-section elementor-top-section elementor-element elementor-element-6fe1deee elementor-section-boxed elementor-section-height-default elementor-section-height-default\" data-id=\"6fe1deee\" data-element_type=\"section\">\n\t\t\t\t\t\t<div class=\"elementor-container elementor-column-gap-default\">\n\t\t\t\t\t<div class=\"elementor-column elementor-col-33 elementor-top-column elementor-element elementor-element-71c74e7b\" data-id=\"71c74e7b\" data-element_type=\"column\">\n\t\t\t<div class=\"elementor-widget-wrap elementor-element-populated\">\n\t\t\t\t\t\t<div class=\"elementor-element elementor-element-71594315 elementor-widget elementor-widget-image\" data-id=\"71594315\" data-element_type=\"widget\" data-widget_type=\"image.default\">\n\t\t\t\t<div class=\"elementor-widget-container\">\n\t\t\t<style>\/*! elementor - v3.19.0 - 28-02-2024 *\/\n.elementor-widget-image{text-align:center}.elementor-widget-image a{display:inline-block}.elementor-widget-image a img[src$=\".svg\"]{width:48px}.elementor-widget-image img{vertical-align:middle;display:inline-block}<\/style>\t\t\t\t\t\t\t\t\t\t<img fetchpriority=\"high\" decoding=\"async\" width=\"300\" height=\"300\" src=\"https:\/\/tedxfribourg.com\/wp-content\/uploads\/2025\/10\/2025-10-31_tedx_fribourg_2025_site_speakers7-300x300.png\" class=\"attachment-medium size-medium wp-image-1698\" alt=\"\" srcset=\"https:\/\/tedxfribourg.com\/wp-content\/uploads\/2025\/10\/2025-10-31_tedx_fribourg_2025_site_speakers7-300x300.png 300w, https:\/\/tedxfribourg.com\/wp-content\/uploads\/2025\/10\/2025-10-31_tedx_fribourg_2025_site_speakers7-150x150.png 150w, https:\/\/tedxfribourg.com\/wp-content\/uploads\/2025\/10\/2025-10-31_tedx_fribourg_2025_site_speakers7-768x768.png 768w, https:\/\/tedxfribourg.com\/wp-content\/uploads\/2025\/10\/2025-10-31_tedx_fribourg_2025_site_speakers7-12x12.png 12w, https:\/\/tedxfribourg.com\/wp-content\/uploads\/2025\/10\/2025-10-31_tedx_fribourg_2025_site_speakers7.png 1024w\" sizes=\"(max-width: 300px) 100vw, 300px\" \/>\t\t\t\t\t\t\t\t\t\t\t\t\t<\/div>\n\t\t\t\t<\/div>\n\t\t\t\t\t<\/div>\n\t\t<\/div>\n\t\t\t\t<div class=\"elementor-column elementor-col-66 elementor-top-column elementor-element elementor-element-6df9ffbb\" data-id=\"6df9ffbb\" data-element_type=\"column\">\n\t\t\t<div class=\"elementor-widget-wrap elementor-element-populated\">\n\t\t\t\t\t\t<div class=\"elementor-element elementor-element-4e1ef7e2 elementor-widget elementor-widget-text-editor\" data-id=\"4e1ef7e2\" data-element_type=\"widget\" data-widget_type=\"text-editor.default\">\n\t\t\t\t<div class=\"elementor-widget-container\">\n\t\t\t\t\t\t\t<p>Nach seinem Studium in K\u00f6ln, M\u00fcnster, Cambridge und Harvard widmet er sich in seiner Forschung und seinen Publikationen der Macht der Digitalkonzerne. Als Autor von neun B\u00fcchern und ausgezeichnet mit dem G\u00fcnter-Wallraff-Sonderpreis f\u00fcr Pressefreiheit und Menschenrechte ist er eine der profiliertesten Stimmen im Kampf gegen Big Tech.<\/p><p>Der Titel des Vortrags: <strong>Krieg der Medien - Willkommen in der Digitalokratie.<\/strong><\/p><p>Ein schonungsloser Blick auf die Machtk\u00e4mpfe in und um die digitalen Medien \u2013 und ein Appell, die Demokratie und Freiheit vor der Herrschaft der Plattform-Monopole zu retten.<\/p>\t\t\t\t\t\t<\/div>\n\t\t\t\t<\/div>\n\t\t\t\t\t<\/div>\n\t\t<\/div>\n\t\t\t\t\t<\/div>\n\t\t<\/section>\n\t\t\t\t<section class=\"elementor-section elementor-top-section elementor-element elementor-element-a05e462 elementor-hidden-desktop elementor-hidden-tablet elementor-hidden-mobile elementor-section-boxed elementor-section-height-default elementor-section-height-default\" data-id=\"a05e462\" data-element_type=\"section\">\n\t\t\t\t\t\t<div class=\"elementor-container elementor-column-gap-default\">\n\t\t\t\t\t<div class=\"elementor-column elementor-col-100 elementor-top-column elementor-element elementor-element-b6ae837\" data-id=\"b6ae837\" data-element_type=\"column\">\n\t\t\t<div class=\"elementor-widget-wrap elementor-element-populated\">\n\t\t\t\t\t\t<div class=\"elementor-element elementor-element-5fcb2c8 elementor-widget elementor-widget-heading\" data-id=\"5fcb2c8\" data-element_type=\"widget\" data-widget_type=\"heading.default\">\n\t\t\t\t<div class=\"elementor-widget-container\">\n\t\t\t<h2 class=\"elementor-heading-title elementor-size-default\">Zwischen Sucht, lokalen Aromen und sozialem Engagement.<\/h2>\t\t<\/div>\n\t\t\t\t<\/div>\n\t\t\t\t<div class=\"elementor-element elementor-element-7cdc54f elementor-widget elementor-widget-text-editor\" data-id=\"7cdc54f\" data-element_type=\"widget\" data-widget_type=\"text-editor.default\">\n\t\t\t\t<div class=\"elementor-widget-container\">\n\t\t\t\t\t\t\t<p>Eine sensible Reflexion \u00fcber die Herausforderungen und Chancen der Wiedereingliederung in die Gemeinschaft angesichts der Realit\u00e4ten von Sucht, Stress und zwischenmenschlichen Beziehungen.<\/p>\t\t\t\t\t\t<\/div>\n\t\t\t\t<\/div>\n\t\t\t\t<div class=\"elementor-element elementor-element-6daca3b elementor-widget elementor-widget-spacer\" data-id=\"6daca3b\" data-element_type=\"widget\" data-widget_type=\"spacer.default\">\n\t\t\t\t<div class=\"elementor-widget-container\">\n\t\t\t<style>\/*! elementor - v3.19.0 - 28-02-2024 *\/\n.elementor-column .elementor-spacer-inner{height:var(--spacer-size)}.e-con{--container-widget-width:100%}.e-con-inner>.elementor-widget-spacer,.e-con>.elementor-widget-spacer{width:var(--container-widget-width,var(--spacer-size));--align-self:var(--container-widget-align-self,initial);--flex-shrink:0}.e-con-inner>.elementor-widget-spacer>.elementor-widget-container,.e-con>.elementor-widget-spacer>.elementor-widget-container{height:100%;width:100%}.e-con-inner>.elementor-widget-spacer>.elementor-widget-container>.elementor-spacer,.e-con>.elementor-widget-spacer>.elementor-widget-container>.elementor-spacer{height:100%}.e-con-inner>.elementor-widget-spacer>.elementor-widget-container>.elementor-spacer>.elementor-spacer-inner,.e-con>.elementor-widget-spacer>.elementor-widget-container>.elementor-spacer>.elementor-spacer-inner{height:var(--container-widget-height,var(--spacer-size))}.e-con-inner>.elementor-widget-spacer.elementor-widget-empty,.e-con>.elementor-widget-spacer.elementor-widget-empty{position:relative;min-height:22px;min-width:22px}.e-con-inner>.elementor-widget-spacer.elementor-widget-empty .elementor-widget-empty-icon,.e-con>.elementor-widget-spacer.elementor-widget-empty .elementor-widget-empty-icon{position:absolute;top:0;bottom:0;left:0;right:0;margin:auto;padding:0;width:22px;height:22px}<\/style>\t\t<div class=\"elementor-spacer\">\n\t\t\t<div class=\"elementor-spacer-inner\"><\/div>\n\t\t<\/div>\n\t\t\t\t<\/div>\n\t\t\t\t<\/div>\n\t\t\t\t\t<\/div>\n\t\t<\/div>\n\t\t\t\t\t<\/div>\n\t\t<\/section>\n\t\t\t\t<section class=\"elementor-section elementor-top-section elementor-element elementor-element-575000ba elementor-hidden-desktop elementor-hidden-tablet elementor-hidden-mobile elementor-section-boxed elementor-section-height-default elementor-section-height-default\" data-id=\"575000ba\" data-element_type=\"section\">\n\t\t\t\t\t\t<div class=\"elementor-container elementor-column-gap-default\">\n\t\t\t\t\t<div class=\"elementor-column elementor-col-100 elementor-top-column elementor-element elementor-element-4fa78f53\" data-id=\"4fa78f53\" data-element_type=\"column\" data-settings=\"{&quot;background_background&quot;:&quot;classic&quot;}\">\n\t\t\t<div class=\"elementor-widget-wrap elementor-element-populated\">\n\t\t\t\t\t\t<div class=\"elementor-element elementor-element-2d55bd elementor-cta--skin-classic elementor-animated-content elementor-bg-transform elementor-bg-transform-zoom-in elementor-widget elementor-widget-global elementor-global-1280 elementor-widget-call-to-action\" data-id=\"2d55bd\" data-element_type=\"widget\" data-widget_type=\"call-to-action.default\">\n\t\t\t\t<div class=\"elementor-widget-container\">\n\t\t\t<link rel=\"stylesheet\" href=\"https:\/\/tedxfribourg.com\/wp-content\/plugins\/elementor-pro\/assets\/css\/widget-call-to-action.min.css\">\t\t<div class=\"elementor-cta\">\n\t\t\t\t\t\t\t<div class=\"elementor-cta__content\">\n\t\t\t\t\n\t\t\t\t\t\t\t\t\t<h2 class=\"elementor-cta__title elementor-cta__content-item elementor-content-item\">\n\t\t\t\t\t\tMachen Sie mit bei 2024!\t\t\t\t\t<\/h2>\n\t\t\t\t\n\t\t\t\t\n\t\t\t\t\t\t\t\t\t<div class=\"elementor-cta__button-wrapper elementor-cta__content-item elementor-content-item\">\n\t\t\t\t\t<a class=\"elementor-cta__button elementor-button elementor-size-lg\" href=\"https:\/\/tedxfribourg.com\/de\/billetterie\/\">\n\t\t\t\t\t\tKaufen Sie Ihr Ticket\t\t\t\t\t<\/a>\n\t\t\t\t\t<\/div>\n\t\t\t\t\t\t\t<\/div>\n\t\t\t\t\t\t<\/div>\n\t\t\t\t<\/div>\n\t\t\t\t<\/div>\n\t\t\t\t\t<\/div>\n\t\t<\/div>\n\t\t\t\t\t<\/div>\n\t\t<\/section>\n\t\t\t\t<\/div>","protected":false},"excerpt":{"rendered":"<p>&lt; retour au programme Prof. Dr. Martin Andree Enseignant-chercheur en m\u00e9dias num\u00e9riques \u00e0 l\u2019Universit\u00e9 de Cologne. Apr\u00e8s avoir \u00e9tudi\u00e9 \u00e0 Cologne, M\u00fcnster, Cambridge et Harvard, il consacre ses recherches et ses publications au pouvoir des entreprises num\u00e9riques. Auteur de neuf livres et laur\u00e9at du prix sp\u00e9cial G\u00fcnter Wallraff pour la libert\u00e9 de la presse et [&hellip;]<\/p>","protected":false},"author":4,"featured_media":0,"parent":17,"menu_order":0,"comment_status":"closed","ping_status":"closed","template":"elementor_header_footer","meta":{"footnotes":""},"class_list":["post-1763","page","type-page","status-publish","hentry"],"yoast_head":"<!-- This site is optimized with the Yoast SEO plugin v26.6 - https:\/\/yoast.com\/wordpress\/plugins\/seo\/ -->\n<title>Prof. Dr. Martin Andree - TEDxFribourg<\/title>\n<meta name=\"robots\" content=\"index, follow, max-snippet:-1, max-image-preview:large, max-video-preview:-1\" \/>\n<link rel=\"canonical\" href=\"https:\/\/tedxfribourg.com\/de\/speakers\/martin-andree\/\" \/>\n<meta property=\"og:locale\" content=\"de_DE\" \/>\n<meta property=\"og:type\" content=\"article\" \/>\n<meta property=\"og:title\" content=\"Prof. Dr. Martin Andree - TEDxFribourg\" \/>\n<meta property=\"og:description\" content=\"&lt; retour au programme Prof. Dr. Martin Andree Enseignant-chercheur en m\u00e9dias num\u00e9riques \u00e0 l\u2019Universit\u00e9 de Cologne. Apr\u00e8s avoir \u00e9tudi\u00e9 \u00e0 Cologne, M\u00fcnster, Cambridge et Harvard, il consacre ses recherches et ses publications au pouvoir des entreprises num\u00e9riques. Auteur de neuf livres et laur\u00e9at du prix sp\u00e9cial G\u00fcnter Wallraff pour la libert\u00e9 de la presse et [&hellip;]\" \/>\n<meta property=\"og:url\" content=\"https:\/\/tedxfribourg.com\/de\/speakers\/martin-andree\/\" \/>\n<meta property=\"og:site_name\" content=\"TEDxFribourg\" \/>\n<meta property=\"article:modified_time\" content=\"2025-11-04T14:35:15+00:00\" \/>\n<meta property=\"og:image\" content=\"https:\/\/tedxfribourg.com\/wp-content\/uploads\/2025\/10\/2025-10-31_tedx_fribourg_2025_site_speakers7.png\" \/>\n\t<meta property=\"og:image:width\" content=\"1024\" \/>\n\t<meta property=\"og:image:height\" content=\"1024\" \/>\n\t<meta property=\"og:image:type\" content=\"image\/png\" \/>\n<meta name=\"twitter:card\" content=\"summary_large_image\" \/>\n<meta name=\"twitter:label1\" content=\"Gesch\u00e4tzte Lesezeit\" \/>\n\t<meta name=\"twitter:data1\" content=\"1\u00a0Minute\" \/>\n<script type=\"application\/ld+json\" class=\"yoast-schema-graph\">{\"@context\":\"https:\/\/schema.org\",\"@graph\":[{\"@type\":\"WebPage\",\"@id\":\"https:\/\/tedxfribourg.com\/speakers\/martin-andree\/\",\"url\":\"https:\/\/tedxfribourg.com\/speakers\/martin-andree\/\",\"name\":\"Prof. Dr. Martin Andree - TEDxFribourg\",\"isPartOf\":{\"@id\":\"https:\/\/tedxfribourg.com\/#website\"},\"primaryImageOfPage\":{\"@id\":\"https:\/\/tedxfribourg.com\/speakers\/martin-andree\/#primaryimage\"},\"image\":{\"@id\":\"https:\/\/tedxfribourg.com\/speakers\/martin-andree\/#primaryimage\"},\"thumbnailUrl\":\"https:\/\/tedxfribourg.com\/wp-content\/uploads\/2025\/10\/2025-10-31_tedx_fribourg_2025_site_speakers7-300x300.png\",\"datePublished\":\"2025-10-31T13:16:55+00:00\",\"dateModified\":\"2025-11-04T14:35:15+00:00\",\"breadcrumb\":{\"@id\":\"https:\/\/tedxfribourg.com\/speakers\/martin-andree\/#breadcrumb\"},\"inLanguage\":\"de\",\"potentialAction\":[{\"@type\":\"ReadAction\",\"target\":[\"https:\/\/tedxfribourg.com\/speakers\/martin-andree\/\"]}]},{\"@type\":\"ImageObject\",\"inLanguage\":\"de\",\"@id\":\"https:\/\/tedxfribourg.com\/speakers\/martin-andree\/#primaryimage\",\"url\":\"https:\/\/tedxfribourg.com\/wp-content\/uploads\/2025\/10\/2025-10-31_tedx_fribourg_2025_site_speakers7-300x300.png\",\"contentUrl\":\"https:\/\/tedxfribourg.com\/wp-content\/uploads\/2025\/10\/2025-10-31_tedx_fribourg_2025_site_speakers7-300x300.png\"},{\"@type\":\"BreadcrumbList\",\"@id\":\"https:\/\/tedxfribourg.com\/speakers\/martin-andree\/#breadcrumb\",\"itemListElement\":[{\"@type\":\"ListItem\",\"position\":1,\"name\":\"Accueil\",\"item\":\"https:\/\/tedxfribourg.com\/\"},{\"@type\":\"ListItem\",\"position\":2,\"name\":\"Speakers &amp; performers\",\"item\":\"https:\/\/tedxfribourg.com\/speakers\/\"},{\"@type\":\"ListItem\",\"position\":3,\"name\":\"Prof. Dr. Martin Andree\"}]},{\"@type\":\"WebSite\",\"@id\":\"https:\/\/tedxfribourg.com\/#website\",\"url\":\"https:\/\/tedxfribourg.com\/\",\"name\":\"TEDxFribourg\",\"description\":\"Ideas worth spreading\",\"publisher\":{\"@id\":\"https:\/\/tedxfribourg.com\/#organization\"},\"potentialAction\":[{\"@type\":\"SearchAction\",\"target\":{\"@type\":\"EntryPoint\",\"urlTemplate\":\"https:\/\/tedxfribourg.com\/?s={search_term_string}\"},\"query-input\":{\"@type\":\"PropertyValueSpecification\",\"valueRequired\":true,\"valueName\":\"search_term_string\"}}],\"inLanguage\":\"de\"},{\"@type\":\"Organization\",\"@id\":\"https:\/\/tedxfribourg.com\/#organization\",\"name\":\"TEDxFribourg\",\"url\":\"https:\/\/tedxfribourg.com\/\",\"logo\":{\"@type\":\"ImageObject\",\"inLanguage\":\"de\",\"@id\":\"https:\/\/tedxfribourg.com\/#\/schema\/logo\/image\/\",\"url\":\"https:\/\/tedxfribourg.com\/wp-content\/uploads\/2023\/02\/cropped-cropped-logo_tedxFR.png\",\"contentUrl\":\"https:\/\/tedxfribourg.com\/wp-content\/uploads\/2023\/02\/cropped-cropped-logo_tedxFR.png\",\"width\":1000,\"height\":189,\"caption\":\"TEDxFribourg\"},\"image\":{\"@id\":\"https:\/\/tedxfribourg.com\/#\/schema\/logo\/image\/\"}}]}<\/script>\n<!-- \/ Yoast SEO plugin. -->","yoast_head_json":{"title":"Prof. Dr. Martin Andree - TEDxFribourg","robots":{"index":"index","follow":"follow","max-snippet":"max-snippet:-1","max-image-preview":"max-image-preview:large","max-video-preview":"max-video-preview:-1"},"canonical":"https:\/\/tedxfribourg.com\/de\/speakers\/martin-andree\/","og_locale":"de_DE","og_type":"article","og_title":"Prof. Dr. Martin Andree - TEDxFribourg","og_description":"&lt; retour au programme Prof. Dr. Martin Andree Enseignant-chercheur en m\u00e9dias num\u00e9riques \u00e0 l\u2019Universit\u00e9 de Cologne. Apr\u00e8s avoir \u00e9tudi\u00e9 \u00e0 Cologne, M\u00fcnster, Cambridge et Harvard, il consacre ses recherches et ses publications au pouvoir des entreprises num\u00e9riques. Auteur de neuf livres et laur\u00e9at du prix sp\u00e9cial G\u00fcnter Wallraff pour la libert\u00e9 de la presse et [&hellip;]","og_url":"https:\/\/tedxfribourg.com\/de\/speakers\/martin-andree\/","og_site_name":"TEDxFribourg","article_modified_time":"2025-11-04T14:35:15+00:00","og_image":[{"width":1024,"height":1024,"url":"https:\/\/tedxfribourg.com\/wp-content\/uploads\/2025\/10\/2025-10-31_tedx_fribourg_2025_site_speakers7.png","type":"image\/png"}],"twitter_card":"summary_large_image","twitter_misc":{"Gesch\u00e4tzte Lesezeit":"1\u00a0Minute"},"schema":{"@context":"https:\/\/schema.org","@graph":[{"@type":"WebPage","@id":"https:\/\/tedxfribourg.com\/speakers\/martin-andree\/","url":"https:\/\/tedxfribourg.com\/speakers\/martin-andree\/","name":"Prof. Dr. Martin Andree - TEDxFribourg","isPartOf":{"@id":"https:\/\/tedxfribourg.com\/#website"},"primaryImageOfPage":{"@id":"https:\/\/tedxfribourg.com\/speakers\/martin-andree\/#primaryimage"},"image":{"@id":"https:\/\/tedxfribourg.com\/speakers\/martin-andree\/#primaryimage"},"thumbnailUrl":"https:\/\/tedxfribourg.com\/wp-content\/uploads\/2025\/10\/2025-10-31_tedx_fribourg_2025_site_speakers7-300x300.png","datePublished":"2025-10-31T13:16:55+00:00","dateModified":"2025-11-04T14:35:15+00:00","breadcrumb":{"@id":"https:\/\/tedxfribourg.com\/speakers\/martin-andree\/#breadcrumb"},"inLanguage":"de","potentialAction":[{"@type":"ReadAction","target":["https:\/\/tedxfribourg.com\/speakers\/martin-andree\/"]}]},{"@type":"ImageObject","inLanguage":"de","@id":"https:\/\/tedxfribourg.com\/speakers\/martin-andree\/#primaryimage","url":"https:\/\/tedxfribourg.com\/wp-content\/uploads\/2025\/10\/2025-10-31_tedx_fribourg_2025_site_speakers7-300x300.png","contentUrl":"https:\/\/tedxfribourg.com\/wp-content\/uploads\/2025\/10\/2025-10-31_tedx_fribourg_2025_site_speakers7-300x300.png"},{"@type":"BreadcrumbList","@id":"https:\/\/tedxfribourg.com\/speakers\/martin-andree\/#breadcrumb","itemListElement":[{"@type":"ListItem","position":1,"name":"Accueil","item":"https:\/\/tedxfribourg.com\/"},{"@type":"ListItem","position":2,"name":"Speakers &amp; performers","item":"https:\/\/tedxfribourg.com\/speakers\/"},{"@type":"ListItem","position":3,"name":"Prof. Dr. Martin Andree"}]},{"@type":"WebSite","@id":"https:\/\/tedxfribourg.com\/#website","url":"https:\/\/tedxfribourg.com\/","name":"TEDxFribourg","description":"Ideas worth spreading","publisher":{"@id":"https:\/\/tedxfribourg.com\/#organization"},"potentialAction":[{"@type":"SearchAction","target":{"@type":"EntryPoint","urlTemplate":"https:\/\/tedxfribourg.com\/?s={search_term_string}"},"query-input":{"@type":"PropertyValueSpecification","valueRequired":true,"valueName":"search_term_string"}}],"inLanguage":"de"},{"@type":"Organization","@id":"https:\/\/tedxfribourg.com\/#organization","name":"TEDxFribourg","url":"https:\/\/tedxfribourg.com\/","logo":{"@type":"ImageObject","inLanguage":"de","@id":"https:\/\/tedxfribourg.com\/#\/schema\/logo\/image\/","url":"https:\/\/tedxfribourg.com\/wp-content\/uploads\/2023\/02\/cropped-cropped-logo_tedxFR.png","contentUrl":"https:\/\/tedxfribourg.com\/wp-content\/uploads\/2023\/02\/cropped-cropped-logo_tedxFR.png","width":1000,"height":189,"caption":"TEDxFribourg"},"image":{"@id":"https:\/\/tedxfribourg.com\/#\/schema\/logo\/image\/"}}]}},"_links":{"self":[{"href":"https:\/\/tedxfribourg.com\/de\/wp-json\/wp\/v2\/pages\/1763","targetHints":{"allow":["GET"]}}],"collection":[{"href":"https:\/\/tedxfribourg.com\/de\/wp-json\/wp\/v2\/pages"}],"about":[{"href":"https:\/\/tedxfribourg.com\/de\/wp-json\/wp\/v2\/types\/page"}],"author":[{"embeddable":true,"href":"https:\/\/tedxfribourg.com\/de\/wp-json\/wp\/v2\/users\/4"}],"replies":[{"embeddable":true,"href":"https:\/\/tedxfribourg.com\/de\/wp-json\/wp\/v2\/comments?post=1763"}],"version-history":[{"count":16,"href":"https:\/\/tedxfribourg.com\/de\/wp-json\/wp\/v2\/pages\/1763\/revisions"}],"predecessor-version":[{"id":1819,"href":"https:\/\/tedxfribourg.com\/de\/wp-json\/wp\/v2\/pages\/1763\/revisions\/1819"}],"up":[{"embeddable":true,"href":"https:\/\/tedxfribourg.com\/de\/wp-json\/wp\/v2\/pages\/17"}],"wp:attachment":[{"href":"https:\/\/tedxfribourg.com\/de\/wp-json\/wp\/v2\/media?parent=1763"}],"curies":[{"name":"wp","href":"https:\/\/api.w.org\/{rel}","templated":true}]}}