{"id":15,"date":"2023-02-02T10:47:43","date_gmt":"2023-02-02T09:47:43","guid":{"rendered":"https:\/\/tedxfribourg.com\/?page_id=15"},"modified":"2025-09-10T08:39:08","modified_gmt":"2025-09-10T06:39:08","slug":"billetterie","status":"publish","type":"page","link":"https:\/\/tedxfribourg.com\/de\/billetterie\/","title":{"rendered":"Ticketverkauf"},"content":{"rendered":"<div data-elementor-type=\"wp-page\" data-elementor-id=\"15\" class=\"elementor elementor-15\" data-elementor-post-type=\"page\">\n\t\t\t\t\t\t<section class=\"elementor-section elementor-top-section elementor-element elementor-element-ea31961 elementor-section-boxed elementor-section-height-default elementor-section-height-default\" data-id=\"ea31961\" data-element_type=\"section\">\n\t\t\t\t\t\t<div class=\"elementor-container elementor-column-gap-default\">\n\t\t\t\t\t<div class=\"elementor-column elementor-col-100 elementor-top-column elementor-element elementor-element-e6ad71e\" data-id=\"e6ad71e\" data-element_type=\"column\">\n\t\t\t<div class=\"elementor-widget-wrap elementor-element-populated\">\n\t\t\t\t\t\t<div class=\"elementor-element elementor-element-2bb592d elementor-widget elementor-widget-heading\" data-id=\"2bb592d\" data-element_type=\"widget\" data-widget_type=\"heading.default\">\n\t\t\t\t<div class=\"elementor-widget-container\">\n\t\t\t<style>\/*! elementor - v3.19.0 - 28-02-2024 *\/\n.elementor-heading-title{padding:0;margin:0;line-height:1}.elementor-widget-heading .elementor-heading-title[class*=elementor-size-]>a{color:inherit;font-size:inherit;line-height:inherit}.elementor-widget-heading .elementor-heading-title.elementor-size-small{font-size:15px}.elementor-widget-heading .elementor-heading-title.elementor-size-medium{font-size:19px}.elementor-widget-heading .elementor-heading-title.elementor-size-large{font-size:29px}.elementor-widget-heading .elementor-heading-title.elementor-size-xl{font-size:39px}.elementor-widget-heading .elementor-heading-title.elementor-size-xxl{font-size:59px}<\/style><h1 class=\"elementor-heading-title elementor-size-default\">Ticketverkauf<\/h1>\t\t<\/div>\n\t\t\t\t<\/div>\n\t\t\t\t\t<\/div>\n\t\t<\/div>\n\t\t\t\t\t<\/div>\n\t\t<\/section>\n\t\t\t\t<section class=\"elementor-section elementor-top-section elementor-element elementor-element-887ccce elementor-hidden-desktop elementor-hidden-tablet elementor-hidden-mobile elementor-section-boxed elementor-section-height-default elementor-section-height-default\" data-id=\"887ccce\" data-element_type=\"section\">\n\t\t\t\t\t\t<div class=\"elementor-container elementor-column-gap-default\">\n\t\t\t\t\t<div class=\"elementor-column elementor-col-100 elementor-top-column elementor-element elementor-element-4e74468\" data-id=\"4e74468\" data-element_type=\"column\">\n\t\t\t<div class=\"elementor-widget-wrap elementor-element-populated\">\n\t\t\t\t\t\t<div class=\"elementor-element elementor-element-50a90e1 elementor-widget elementor-widget-html\" data-id=\"50a90e1\" data-element_type=\"widget\" data-no-translation=\"\" data-widget_type=\"html.default\">\n\t\t\t\t<div class=\"elementor-widget-container\">\n\t\t\t<style>.elementor-element-50a90e1{display:none !important}<\/style>\t\t<\/div>\n\t\t\t\t<\/div>\n\t\t\t\t<div class=\"elementor-element elementor-element-1f77f0f elementor-widget elementor-widget-html\" data-id=\"1f77f0f\" data-element_type=\"widget\" data-no-translation=\"\" data-widget_type=\"html.default\">\n\t\t\t\t<div class=\"elementor-widget-container\">\n\t\t\t<script class=\"nextevent\" type=\"text\/javascript\" src=\"https:\/\/widget-e70596afb8-tedxfribourg.nextevent.com\/widget\/embed#src=\/de?margin=0\"><\/script>\t\t<\/div>\n\t\t\t\t<\/div>\n\t\t\t\t\t<\/div>\n\t\t<\/div>\n\t\t\t\t\t<\/div>\n\t\t<\/section>\n\t\t\t\t<section class=\"elementor-section elementor-top-section elementor-element elementor-element-db636d4 elementor-section-boxed elementor-section-height-default elementor-section-height-default\" data-id=\"db636d4\" data-element_type=\"section\">\n\t\t\t\t\t\t<div class=\"elementor-container elementor-column-gap-default\">\n\t\t\t\t\t<div class=\"elementor-column elementor-col-100 elementor-top-column elementor-element elementor-element-fcfcde9\" data-id=\"fcfcde9\" data-element_type=\"column\">\n\t\t\t<div class=\"elementor-widget-wrap\">\n\t\t\t\t\t\t\t<\/div>\n\t\t<\/div>\n\t\t\t\t\t<\/div>\n\t\t<\/section>\n\t\t\t\t<section class=\"elementor-section elementor-top-section elementor-element elementor-element-bcb237b elementor-hidden-desktop elementor-hidden-tablet elementor-hidden-mobile elementor-section-boxed elementor-section-height-default elementor-section-height-default\" data-id=\"bcb237b\" data-element_type=\"section\">\n\t\t\t\t\t\t<div class=\"elementor-container elementor-column-gap-default\">\n\t\t\t\t\t<div class=\"elementor-column elementor-col-50 elementor-top-column elementor-element elementor-element-3d7663a\" data-id=\"3d7663a\" data-element_type=\"column\">\n\t\t\t<div class=\"elementor-widget-wrap elementor-element-populated\">\n\t\t\t\t\t\t<div class=\"elementor-element elementor-element-d68dae3 elementor-widget elementor-widget-text-editor\" data-id=\"d68dae3\" data-element_type=\"widget\" data-widget_type=\"text-editor.default\">\n\t\t\t\t<div class=\"elementor-widget-container\">\n\t\t\t<style>\/*! elementor - v3.19.0 - 28-02-2024 *\/\n.elementor-widget-text-editor.elementor-drop-cap-view-stacked .elementor-drop-cap{background-color:#69727d;color:#fff}.elementor-widget-text-editor.elementor-drop-cap-view-framed .elementor-drop-cap{color:#69727d;border:3px solid;background-color:transparent}.elementor-widget-text-editor:not(.elementor-drop-cap-view-default) .elementor-drop-cap{margin-top:8px}.elementor-widget-text-editor:not(.elementor-drop-cap-view-default) .elementor-drop-cap-letter{width:1em;height:1em}.elementor-widget-text-editor .elementor-drop-cap{float:left;text-align:center;line-height:1;font-size:50px}.elementor-widget-text-editor .elementor-drop-cap-letter{display:inline-block}<\/style>\t\t\t\t<p>Willkommen beim Ticketverkauf f\u00fcr TEDxFribourg 2024!<\/p><p class=\"translation-block\">Datum: 18. April 2024\nOrt: Fri-Son, Freiburg\nZeit: 18.00 - 21.00 Uhr<\/p><p>Nach den Talks gibt es ein Abendessen, das f\u00fcr alle Ern\u00e4hrungsweisen geeignet ist.<\/p><p>Tauchen Sie ein in das fesselnde Thema dieser 9. Ausgabe: \"Familien - Familles\".<\/p><p class=\"translation-block\">Tickets sind auch am Ticketschalter von Freiburg Tourismus im <span style=\"text-decoration: underline\"><a href=\"https:\/\/maps.app.goo.gl\/vF8L8QUrs2buuFbdA\" target=\"_self\">Equilibre-Theater<\/a><\/span> in Freiburg erh\u00e4ltlich.<\/p>\t\t\t\t\t\t<\/div>\n\t\t\t\t<\/div>\n\t\t\t\t<div class=\"elementor-element elementor-element-8eaf29b elementor-widget elementor-widget-html\" data-id=\"8eaf29b\" data-element_type=\"widget\" data-widget_type=\"html.default\">\n\t\t\t\t<div class=\"elementor-widget-container\">\n\t\t\t<!-- Start Smeetz Embed Code -->\r\n    <script>\r\n    !function(e, t, n, i, p, r, s) {\r\n      e[n] || ((p = e[n] = function() {\r\n      p.p ? p.p.apply(p, arguments) : p.q.push(arguments);\r\n      }).q = [], p.t = 1 * new Date(), p.g = \"18779\", (r = t.createElement(\"script\")).async = 1,\r\n      r.src = \"https:\/\/tracker.smeetz.com\/smeetz-main-widget.js\", (s = t.getElementsByTagName(\"script\")[0]).parentNode.insertBefore(r, s));\r\n    }(window, document, \"_smtz\");\r\n    <\/script>\r\n    <a data-smtz-gid=\"18779\" data-smtz-wid=\"2390\"\r\n        \r\n      class=\"\" target=\"_blank\" rel=\"noopener noreferrer\"\r\n      onclick=\"event.preventDefault(); _smtz('openwidget', 1 * new Date(), {        productId: '65255',        lightbox: true,        listView: false,        gId: '18779',        wId: '2390',                                                        linkText: 'en: ,,, fr: ,,, de: ,,, it: ',        linkUrl: 'en: ,,, fr: ,,, de: ,,, it: ',      });\"\r\n      style=\"color: #ffffff;background: #dc042b;border: 1px solid #dc042b;padding: 12px 20px;border-radius: 3px;font-family: Helvetica, sans-serif;height: 44px;line-height: 44px;cursor: pointer;\"\r\n    >Ticket kaufen<\/a>\r\n    <!-- End Smeetz Embed Code -->\t\t<\/div>\n\t\t\t\t<\/div>\n\t\t\t\t\t<\/div>\n\t\t<\/div>\n\t\t\t\t<div class=\"elementor-column elementor-col-50 elementor-top-column elementor-element elementor-element-113dbbe\" data-id=\"113dbbe\" data-element_type=\"column\">\n\t\t\t<div class=\"elementor-widget-wrap elementor-element-populated\">\n\t\t\t\t\t\t<div class=\"elementor-element elementor-element-d028f99 elementor-widget elementor-widget-image\" data-id=\"d028f99\" data-element_type=\"widget\" data-widget_type=\"image.default\">\n\t\t\t\t<div class=\"elementor-widget-container\">\n\t\t\t<style>\/*! elementor - v3.19.0 - 28-02-2024 *\/\n.elementor-widget-image{text-align:center}.elementor-widget-image a{display:inline-block}.elementor-widget-image a img[src$=\".svg\"]{width:48px}.elementor-widget-image img{vertical-align:middle;display:inline-block}<\/style>\t\t\t\t\t\t\t<figure class=\"wp-caption\">\n\t\t\t\t\t\t\t\t\t\t<img fetchpriority=\"high\" decoding=\"async\" width=\"800\" height=\"534\" src=\"https:\/\/tedxfribourg.com\/wp-content\/uploads\/2024\/02\/52917242386_1db0875193_o-1024x683.jpg\" class=\"attachment-large size-large wp-image-1057\" alt=\"\" srcset=\"https:\/\/tedxfribourg.com\/wp-content\/uploads\/2024\/02\/52917242386_1db0875193_o-1024x683.jpg 1024w, https:\/\/tedxfribourg.com\/wp-content\/uploads\/2024\/02\/52917242386_1db0875193_o-300x200.jpg 300w, https:\/\/tedxfribourg.com\/wp-content\/uploads\/2024\/02\/52917242386_1db0875193_o-768x512.jpg 768w, https:\/\/tedxfribourg.com\/wp-content\/uploads\/2024\/02\/52917242386_1db0875193_o-1536x1024.jpg 1536w, https:\/\/tedxfribourg.com\/wp-content\/uploads\/2024\/02\/52917242386_1db0875193_o-2048x1366.jpg 2048w, https:\/\/tedxfribourg.com\/wp-content\/uploads\/2024\/02\/52917242386_1db0875193_o-18x12.jpg 18w\" sizes=\"(max-width: 800px) 100vw, 800px\" \/>\t\t\t\t\t\t\t\t\t\t\t<figcaption class=\"widget-image-caption wp-caption-text\">TEDxFribourg 2024 \u00a9Stemutz<\/figcaption>\n\t\t\t\t\t\t\t\t\t\t<\/figure>\n\t\t\t\t\t\t\t<\/div>\n\t\t\t\t<\/div>\n\t\t\t\t\t<\/div>\n\t\t<\/div>\n\t\t\t\t\t<\/div>\n\t\t<\/section>\n\t\t\t\t<section class=\"elementor-section elementor-top-section elementor-element elementor-element-fba5323 elementor-section-boxed elementor-section-height-default elementor-section-height-default\" data-id=\"fba5323\" data-element_type=\"section\">\n\t\t\t\t\t\t<div class=\"elementor-container elementor-column-gap-default\">\n\t\t\t\t\t<div class=\"elementor-column elementor-col-50 elementor-top-column elementor-element elementor-element-d4bb2a6\" data-id=\"d4bb2a6\" data-element_type=\"column\">\n\t\t\t<div class=\"elementor-widget-wrap elementor-element-populated\">\n\t\t\t\t\t\t<div class=\"elementor-element elementor-element-e748699 elementor-widget elementor-widget-text-editor\" data-id=\"e748699\" data-element_type=\"widget\" data-widget_type=\"text-editor.default\">\n\t\t\t\t<div class=\"elementor-widget-container\">\n\t\t\t\t\t\t\t<p>Willkommen beim Ticketverkauf f\u00fcr TEDxFribourg 2025!<\/p><p><b>Datum<\/b> <strong>:<\/strong> 06. November 2025<br \/><strong>Ort<\/strong> <strong>:<\/strong> Fri-Son, Freiburg<br \/><strong>Uhrzeit<\/strong> <strong>:<\/strong> 18h00 &#8211; 21h00<\/p><p>TEDxFribourg macht sich jedes Jahr auf die Suche nach Menschen im Kanton und anderswo: nach unglaublichen Geschichten, die es zu erz\u00e4hlen gilt, nach unvorstellbaren Ideen und Initiativen, die es zu teilen lohnt, nach schillernden Pers\u00f6nlichkeiten, k\u00fcnstlerischen Kreationen und Innovationen.<\/p><p>Es handelt sich um eine einzigartige zweisprachige Veranstaltung in Franz\u00f6sisch und Deutsch! Ein geselliges Treffen, das den intellektuellen und emotionalen Austausch f\u00f6rdert.<\/p><p>Der Ticketpreis (CHF 50.-) beinhaltet die Vortr\u00e4ge, das Essen und die Getr\u00e4nke.<\/p>\t\t\t\t\t\t<\/div>\n\t\t\t\t<\/div>\n\t\t\t\t<div class=\"elementor-element elementor-element-10687c7 elementor-widget elementor-widget-button\" data-id=\"10687c7\" data-element_type=\"widget\" data-widget_type=\"button.default\">\n\t\t\t\t<div class=\"elementor-widget-container\">\n\t\t\t\t\t<div class=\"elementor-button-wrapper\">\n\t\t\t<a class=\"elementor-button elementor-button-link elementor-size-md\" href=\"https:\/\/infomaniak.events\/fr-ch\/shop\/tedxfribourg-7ZF3T8BH86\" target=\"_blank\">\n\t\t\t\t\t\t<span class=\"elementor-button-content-wrapper\">\n\t\t\t\t\t\t<span class=\"elementor-button-text\">Ticket kaufen<\/span>\n\t\t<\/span>\n\t\t\t\t\t<\/a>\n\t\t<\/div>\n\t\t\t\t<\/div>\n\t\t\t\t<\/div>\n\t\t\t\t\t<\/div>\n\t\t<\/div>\n\t\t\t\t<div class=\"elementor-column elementor-col-50 elementor-top-column elementor-element elementor-element-c79451e\" data-id=\"c79451e\" data-element_type=\"column\">\n\t\t\t<div class=\"elementor-widget-wrap elementor-element-populated\">\n\t\t\t\t\t\t<div class=\"elementor-element elementor-element-b5116b4 elementor-widget elementor-widget-image\" data-id=\"b5116b4\" data-element_type=\"widget\" data-widget_type=\"image.default\">\n\t\t\t\t<div class=\"elementor-widget-container\">\n\t\t\t\t\t\t\t\t\t\t<figure class=\"wp-caption\">\n\t\t\t\t\t\t\t\t\t\t<img fetchpriority=\"high\" decoding=\"async\" width=\"800\" height=\"534\" src=\"https:\/\/tedxfribourg.com\/wp-content\/uploads\/2024\/02\/52917242386_1db0875193_o-1024x683.jpg\" class=\"attachment-large size-large wp-image-1057\" alt=\"\" srcset=\"https:\/\/tedxfribourg.com\/wp-content\/uploads\/2024\/02\/52917242386_1db0875193_o-1024x683.jpg 1024w, https:\/\/tedxfribourg.com\/wp-content\/uploads\/2024\/02\/52917242386_1db0875193_o-300x200.jpg 300w, https:\/\/tedxfribourg.com\/wp-content\/uploads\/2024\/02\/52917242386_1db0875193_o-768x512.jpg 768w, https:\/\/tedxfribourg.com\/wp-content\/uploads\/2024\/02\/52917242386_1db0875193_o-1536x1024.jpg 1536w, https:\/\/tedxfribourg.com\/wp-content\/uploads\/2024\/02\/52917242386_1db0875193_o-2048x1366.jpg 2048w, https:\/\/tedxfribourg.com\/wp-content\/uploads\/2024\/02\/52917242386_1db0875193_o-18x12.jpg 18w\" sizes=\"(max-width: 800px) 100vw, 800px\" \/>\t\t\t\t\t\t\t\t\t\t\t<figcaption class=\"widget-image-caption wp-caption-text\">TEDxFribourg 2024 \u00a9Stemutz<\/figcaption>\n\t\t\t\t\t\t\t\t\t\t<\/figure>\n\t\t\t\t\t\t\t<\/div>\n\t\t\t\t<\/div>\n\t\t\t\t\t<\/div>\n\t\t<\/div>\n\t\t\t\t\t<\/div>\n\t\t<\/section>\n\t\t\t\t<\/div>","protected":false},"excerpt":{"rendered":"<p>Billetterie Bienvenue sur la billetterie de l&rsquo;\u00e9v\u00e8nement TEDxFribourg 2024 ! Date : 18 avril 2024Lieu : Fri-Son, FribourgHoraires : 18h00 &#8211; 21h00 A la fin des conf\u00e9rences, un repas adapt\u00e9 \u00e0 tous les r\u00e9gimes vous sera servi. Plongez dans le th\u00e8me captivant de cette 9\u00e8me \u00e9dition : \u00ab\u00a0Familles &#8211; Familien\u00a0\u00bb. Billets \u00e9galement disponibles \u00e0 la [&hellip;]<\/p>","protected":false},"author":1,"featured_media":0,"parent":0,"menu_order":0,"comment_status":"closed","ping_status":"closed","template":"elementor_header_footer","meta":{"footnotes":""},"class_list":["post-15","page","type-page","status-publish","hentry"],"yoast_head":"<!-- This site is optimized with the Yoast SEO plugin v26.6 - https:\/\/yoast.com\/wordpress\/plugins\/seo\/ -->\n<title>Billetterie - TEDxFribourg<\/title>\n<meta name=\"robots\" content=\"index, follow, max-snippet:-1, max-image-preview:large, max-video-preview:-1\" \/>\n<link rel=\"canonical\" href=\"https:\/\/tedxfribourg.com\/de\/billetterie\/\" \/>\n<meta property=\"og:locale\" content=\"de_DE\" \/>\n<meta property=\"og:type\" content=\"article\" \/>\n<meta property=\"og:title\" content=\"Billetterie - TEDxFribourg\" \/>\n<meta property=\"og:description\" content=\"Billetterie Bienvenue sur la billetterie de l&rsquo;\u00e9v\u00e8nement TEDxFribourg 2024 ! Date : 18 avril 2024Lieu : Fri-Son, FribourgHoraires : 18h00 &#8211; 21h00 A la fin des conf\u00e9rences, un repas adapt\u00e9 \u00e0 tous les r\u00e9gimes vous sera servi. Plongez dans le th\u00e8me captivant de cette 9\u00e8me \u00e9dition : \u00ab\u00a0Familles &#8211; Familien\u00a0\u00bb. Billets \u00e9galement disponibles \u00e0 la [&hellip;]\" \/>\n<meta property=\"og:url\" content=\"https:\/\/tedxfribourg.com\/de\/billetterie\/\" \/>\n<meta property=\"og:site_name\" content=\"TEDxFribourg\" \/>\n<meta property=\"article:modified_time\" content=\"2025-09-10T06:39:08+00:00\" \/>\n<meta property=\"og:image\" content=\"https:\/\/tedxfribourg.com\/wp-content\/uploads\/2024\/02\/52917242386_1db0875193_o-scaled.jpg\" \/>\n\t<meta property=\"og:image:width\" content=\"2560\" \/>\n\t<meta property=\"og:image:height\" content=\"1707\" \/>\n\t<meta property=\"og:image:type\" content=\"image\/jpeg\" \/>\n<meta name=\"twitter:card\" content=\"summary_large_image\" \/>\n<meta name=\"twitter:label1\" content=\"Gesch\u00e4tzte Lesezeit\" \/>\n\t<meta name=\"twitter:data1\" content=\"2\u00a0Minuten\" \/>\n<script type=\"application\/ld+json\" class=\"yoast-schema-graph\">{\"@context\":\"https:\/\/schema.org\",\"@graph\":[{\"@type\":\"WebPage\",\"@id\":\"https:\/\/tedxfribourg.com\/billetterie\/\",\"url\":\"https:\/\/tedxfribourg.com\/billetterie\/\",\"name\":\"Billetterie - TEDxFribourg\",\"isPartOf\":{\"@id\":\"https:\/\/tedxfribourg.com\/#website\"},\"primaryImageOfPage\":{\"@id\":\"https:\/\/tedxfribourg.com\/billetterie\/#primaryimage\"},\"image\":{\"@id\":\"https:\/\/tedxfribourg.com\/billetterie\/#primaryimage\"},\"thumbnailUrl\":\"https:\/\/tedxfribourg.com\/wp-content\/uploads\/2024\/02\/52917242386_1db0875193_o-1024x683.jpg\",\"datePublished\":\"2023-02-02T09:47:43+00:00\",\"dateModified\":\"2025-09-10T06:39:08+00:00\",\"breadcrumb\":{\"@id\":\"https:\/\/tedxfribourg.com\/billetterie\/#breadcrumb\"},\"inLanguage\":\"de\",\"potentialAction\":[{\"@type\":\"ReadAction\",\"target\":[\"https:\/\/tedxfribourg.com\/billetterie\/\"]}]},{\"@type\":\"ImageObject\",\"inLanguage\":\"de\",\"@id\":\"https:\/\/tedxfribourg.com\/billetterie\/#primaryimage\",\"url\":\"https:\/\/tedxfribourg.com\/wp-content\/uploads\/2024\/02\/52917242386_1db0875193_o-1024x683.jpg\",\"contentUrl\":\"https:\/\/tedxfribourg.com\/wp-content\/uploads\/2024\/02\/52917242386_1db0875193_o-1024x683.jpg\"},{\"@type\":\"BreadcrumbList\",\"@id\":\"https:\/\/tedxfribourg.com\/billetterie\/#breadcrumb\",\"itemListElement\":[{\"@type\":\"ListItem\",\"position\":1,\"name\":\"Accueil\",\"item\":\"https:\/\/tedxfribourg.com\/\"},{\"@type\":\"ListItem\",\"position\":2,\"name\":\"Billetterie\"}]},{\"@type\":\"WebSite\",\"@id\":\"https:\/\/tedxfribourg.com\/#website\",\"url\":\"https:\/\/tedxfribourg.com\/\",\"name\":\"TEDxFribourg\",\"description\":\"Ideas worth spreading\",\"publisher\":{\"@id\":\"https:\/\/tedxfribourg.com\/#organization\"},\"potentialAction\":[{\"@type\":\"SearchAction\",\"target\":{\"@type\":\"EntryPoint\",\"urlTemplate\":\"https:\/\/tedxfribourg.com\/?s={search_term_string}\"},\"query-input\":{\"@type\":\"PropertyValueSpecification\",\"valueRequired\":true,\"valueName\":\"search_term_string\"}}],\"inLanguage\":\"de\"},{\"@type\":\"Organization\",\"@id\":\"https:\/\/tedxfribourg.com\/#organization\",\"name\":\"TEDxFribourg\",\"url\":\"https:\/\/tedxfribourg.com\/\",\"logo\":{\"@type\":\"ImageObject\",\"inLanguage\":\"de\",\"@id\":\"https:\/\/tedxfribourg.com\/#\/schema\/logo\/image\/\",\"url\":\"https:\/\/tedxfribourg.com\/wp-content\/uploads\/2023\/02\/cropped-cropped-logo_tedxFR.png\",\"contentUrl\":\"https:\/\/tedxfribourg.com\/wp-content\/uploads\/2023\/02\/cropped-cropped-logo_tedxFR.png\",\"width\":1000,\"height\":189,\"caption\":\"TEDxFribourg\"},\"image\":{\"@id\":\"https:\/\/tedxfribourg.com\/#\/schema\/logo\/image\/\"}}]}<\/script>\n<!-- \/ Yoast SEO plugin. -->","yoast_head_json":{"title":"Billetterie - TEDxFribourg","robots":{"index":"index","follow":"follow","max-snippet":"max-snippet:-1","max-image-preview":"max-image-preview:large","max-video-preview":"max-video-preview:-1"},"canonical":"https:\/\/tedxfribourg.com\/de\/billetterie\/","og_locale":"de_DE","og_type":"article","og_title":"Billetterie - TEDxFribourg","og_description":"Billetterie Bienvenue sur la billetterie de l&rsquo;\u00e9v\u00e8nement TEDxFribourg 2024 ! Date : 18 avril 2024Lieu : Fri-Son, FribourgHoraires : 18h00 &#8211; 21h00 A la fin des conf\u00e9rences, un repas adapt\u00e9 \u00e0 tous les r\u00e9gimes vous sera servi. Plongez dans le th\u00e8me captivant de cette 9\u00e8me \u00e9dition : \u00ab\u00a0Familles &#8211; Familien\u00a0\u00bb. Billets \u00e9galement disponibles \u00e0 la [&hellip;]","og_url":"https:\/\/tedxfribourg.com\/de\/billetterie\/","og_site_name":"TEDxFribourg","article_modified_time":"2025-09-10T06:39:08+00:00","og_image":[{"width":2560,"height":1707,"url":"https:\/\/tedxfribourg.com\/wp-content\/uploads\/2024\/02\/52917242386_1db0875193_o-scaled.jpg","type":"image\/jpeg"}],"twitter_card":"summary_large_image","twitter_misc":{"Gesch\u00e4tzte Lesezeit":"2\u00a0Minuten"},"schema":{"@context":"https:\/\/schema.org","@graph":[{"@type":"WebPage","@id":"https:\/\/tedxfribourg.com\/billetterie\/","url":"https:\/\/tedxfribourg.com\/billetterie\/","name":"Billetterie - TEDxFribourg","isPartOf":{"@id":"https:\/\/tedxfribourg.com\/#website"},"primaryImageOfPage":{"@id":"https:\/\/tedxfribourg.com\/billetterie\/#primaryimage"},"image":{"@id":"https:\/\/tedxfribourg.com\/billetterie\/#primaryimage"},"thumbnailUrl":"https:\/\/tedxfribourg.com\/wp-content\/uploads\/2024\/02\/52917242386_1db0875193_o-1024x683.jpg","datePublished":"2023-02-02T09:47:43+00:00","dateModified":"2025-09-10T06:39:08+00:00","breadcrumb":{"@id":"https:\/\/tedxfribourg.com\/billetterie\/#breadcrumb"},"inLanguage":"de","potentialAction":[{"@type":"ReadAction","target":["https:\/\/tedxfribourg.com\/billetterie\/"]}]},{"@type":"ImageObject","inLanguage":"de","@id":"https:\/\/tedxfribourg.com\/billetterie\/#primaryimage","url":"https:\/\/tedxfribourg.com\/wp-content\/uploads\/2024\/02\/52917242386_1db0875193_o-1024x683.jpg","contentUrl":"https:\/\/tedxfribourg.com\/wp-content\/uploads\/2024\/02\/52917242386_1db0875193_o-1024x683.jpg"},{"@type":"BreadcrumbList","@id":"https:\/\/tedxfribourg.com\/billetterie\/#breadcrumb","itemListElement":[{"@type":"ListItem","position":1,"name":"Accueil","item":"https:\/\/tedxfribourg.com\/"},{"@type":"ListItem","position":2,"name":"Billetterie"}]},{"@type":"WebSite","@id":"https:\/\/tedxfribourg.com\/#website","url":"https:\/\/tedxfribourg.com\/","name":"TEDxFribourg","description":"Ideas worth spreading","publisher":{"@id":"https:\/\/tedxfribourg.com\/#organization"},"potentialAction":[{"@type":"SearchAction","target":{"@type":"EntryPoint","urlTemplate":"https:\/\/tedxfribourg.com\/?s={search_term_string}"},"query-input":{"@type":"PropertyValueSpecification","valueRequired":true,"valueName":"search_term_string"}}],"inLanguage":"de"},{"@type":"Organization","@id":"https:\/\/tedxfribourg.com\/#organization","name":"TEDxFribourg","url":"https:\/\/tedxfribourg.com\/","logo":{"@type":"ImageObject","inLanguage":"de","@id":"https:\/\/tedxfribourg.com\/#\/schema\/logo\/image\/","url":"https:\/\/tedxfribourg.com\/wp-content\/uploads\/2023\/02\/cropped-cropped-logo_tedxFR.png","contentUrl":"https:\/\/tedxfribourg.com\/wp-content\/uploads\/2023\/02\/cropped-cropped-logo_tedxFR.png","width":1000,"height":189,"caption":"TEDxFribourg"},"image":{"@id":"https:\/\/tedxfribourg.com\/#\/schema\/logo\/image\/"}}]}},"_links":{"self":[{"href":"https:\/\/tedxfribourg.com\/de\/wp-json\/wp\/v2\/pages\/15","targetHints":{"allow":["GET"]}}],"collection":[{"href":"https:\/\/tedxfribourg.com\/de\/wp-json\/wp\/v2\/pages"}],"about":[{"href":"https:\/\/tedxfribourg.com\/de\/wp-json\/wp\/v2\/types\/page"}],"author":[{"embeddable":true,"href":"https:\/\/tedxfribourg.com\/de\/wp-json\/wp\/v2\/users\/1"}],"replies":[{"embeddable":true,"href":"https:\/\/tedxfribourg.com\/de\/wp-json\/wp\/v2\/comments?post=15"}],"version-history":[{"count":89,"href":"https:\/\/tedxfribourg.com\/de\/wp-json\/wp\/v2\/pages\/15\/revisions"}],"predecessor-version":[{"id":1614,"href":"https:\/\/tedxfribourg.com\/de\/wp-json\/wp\/v2\/pages\/15\/revisions\/1614"}],"wp:attachment":[{"href":"https:\/\/tedxfribourg.com\/de\/wp-json\/wp\/v2\/media?parent=15"}],"curies":[{"name":"wp","href":"https:\/\/api.w.org\/{rel}","templated":true}]}}